{"id":11,"date":"2026-01-26T23:17:41","date_gmt":"2026-01-27T02:17:41","guid":{"rendered":"https:\/\/elecongelados.com.ar\/tienda\/?page_id=11"},"modified":"2026-01-27T00:43:22","modified_gmt":"2026-01-27T03:43:22","slug":"terminos-y-condiciones","status":"publish","type":"page","link":"https:\/\/elecongelados.com.ar\/tienda\/terminos-y-condiciones\/","title":{"rendered":"T\u00e9rminos y condiciones"},"content":{"rendered":"\n<h2 class=\"wp-block-heading\">Productos de la tienda<\/h2>\n\n\n\n<p>Los productos de esta tienda se encuentran congelados para una mejor conservaci\u00f3n y mantenimiento de cadena de fr\u00edo en la entrega.<\/p>\n\n\n\n<p>No hay devoluciones.<\/p>\n\n\n\n<p>Esperamos que los disfrute y conozca nuestra calidad para seguir cont\u00e1ndolo como cliente.<\/p>\n\n\n\n<p>Cualquier duda, estamos a su disposici\u00f3n, por e-mail: ele@elecongelados.com.ar o celular\/WA: 11-6474-8484.<\/p>\n\n\n\n<p>Gracias por visitar nuestro sitio.<\/p>\n","protected":false},"excerpt":{"rendered":"<p>Productos de la tienda Los productos de esta tienda se encuentran congelados para una mejor conservaci\u00f3n y mantenimiento de cadena de fr\u00edo en la entrega. No hay devoluciones. Esperamos que los disfrute y conozca nuestra calidad para seguir cont\u00e1ndolo como cliente. Cualquier duda, estamos a su disposici\u00f3n, por e-mail: ele@elecongelados.com.ar o celular\/WA: 11-6474-8484. Gracias por [&hellip;]<\/p>\n","protected":false},"author":1,"featured_media":0,"parent":0,"menu_order":0,"comment_status":"closed","ping_status":"closed","template":"","meta":{"footnotes":""},"class_list":["post-11","page","type-page","status-publish","hentry","entry","owp-thumbs-layout-horizontal","owp-btn-normal","owp-tabs-layout-horizontal","has-no-thumbnails","has-product-nav","circle-sale"],"aioseo_notices":[],"_links":{"self":[{"href":"https:\/\/elecongelados.com.ar\/tienda\/wp-json\/wp\/v2\/pages\/11","targetHints":{"allow":["GET"]}}],"collection":[{"href":"https:\/\/elecongelados.com.ar\/tienda\/wp-json\/wp\/v2\/pages"}],"about":[{"href":"https:\/\/elecongelados.com.ar\/tienda\/wp-json\/wp\/v2\/types\/page"}],"author":[{"embeddable":true,"href":"https:\/\/elecongelados.com.ar\/tienda\/wp-json\/wp\/v2\/users\/1"}],"replies":[{"embeddable":true,"href":"https:\/\/elecongelados.com.ar\/tienda\/wp-json\/wp\/v2\/comments?post=11"}],"version-history":[{"count":1,"href":"https:\/\/elecongelados.com.ar\/tienda\/wp-json\/wp\/v2\/pages\/11\/revisions"}],"predecessor-version":[{"id":151,"href":"https:\/\/elecongelados.com.ar\/tienda\/wp-json\/wp\/v2\/pages\/11\/revisions\/151"}],"wp:attachment":[{"href":"https:\/\/elecongelados.com.ar\/tienda\/wp-json\/wp\/v2\/media?parent=11"}],"curies":[{"name":"wp","href":"https:\/\/api.w.org\/{rel}","templated":true}]}}