{"id":3,"date":"2026-01-14T21:38:56","date_gmt":"2026-01-14T21:38:56","guid":{"rendered":"https:\/\/elecongelados.com.ar\/tienda\/?page_id=3"},"modified":"2026-01-27T00:43:10","modified_gmt":"2026-01-27T03:43:10","slug":"politicas-de-privacidad","status":"publish","type":"page","link":"https:\/\/elecongelados.com.ar\/tienda\/politicas-de-privacidad\/","title":{"rendered":"Pol\u00edticas de privacidad"},"content":{"rendered":"\n<h2 class=\"wp-block-heading\">Sobre este sitio<\/h2>\n\n\n\n<p>Al navegar por este sitio y\/o realizar un pedido, se recaban datos de acceso y se guardan sus datos personales provistos en el formulario de compra. Usted consiente que estos datos sean recopilados para los fines de procesar su pedido.<\/p>\n\n\n\n<p>Ocasionalmente enviaremos newsletter con nuevos productos y ofertas.<\/p>\n\n\n\n<p>Adem\u00e1s, se almacenan datos de visita tanto a la tienda como al sitio principal, www.elecongelados.com.ar, con fines estad\u00edsticos por Google y programas de estad\u00edsticas web.<\/p>\n\n\n\n<p>Si desea solicitar la baja o eliminaci\u00f3n de sus datos de esta tienda, puede hacerlo en cualquier momento por nuestras v\u00edas de contacto:: ele@elecongelados.com.ar, WA: 11-6474-8484.<\/p>\n\n\n\n<p><\/p>\n","protected":false},"excerpt":{"rendered":"<p>Sobre este sitio Al navegar por este sitio y\/o realizar un pedido, se recaban datos de acceso y se guardan sus datos personales provistos en el formulario de compra. Usted consiente que estos datos sean recopilados para los fines de procesar su pedido. Ocasionalmente enviaremos newsletter con nuevos productos y ofertas. Adem\u00e1s, se almacenan datos [&hellip;]<\/p>\n","protected":false},"author":1,"featured_media":0,"parent":0,"menu_order":0,"comment_status":"closed","ping_status":"closed","template":"","meta":{"footnotes":""},"class_list":["post-3","page","type-page","status-publish","hentry","entry","owp-thumbs-layout-horizontal","owp-btn-normal","owp-tabs-layout-horizontal","has-no-thumbnails","has-product-nav","circle-sale"],"aioseo_notices":[],"_links":{"self":[{"href":"https:\/\/elecongelados.com.ar\/tienda\/wp-json\/wp\/v2\/pages\/3","targetHints":{"allow":["GET"]}}],"collection":[{"href":"https:\/\/elecongelados.com.ar\/tienda\/wp-json\/wp\/v2\/pages"}],"about":[{"href":"https:\/\/elecongelados.com.ar\/tienda\/wp-json\/wp\/v2\/types\/page"}],"author":[{"embeddable":true,"href":"https:\/\/elecongelados.com.ar\/tienda\/wp-json\/wp\/v2\/users\/1"}],"replies":[{"embeddable":true,"href":"https:\/\/elecongelados.com.ar\/tienda\/wp-json\/wp\/v2\/comments?post=3"}],"version-history":[{"count":1,"href":"https:\/\/elecongelados.com.ar\/tienda\/wp-json\/wp\/v2\/pages\/3\/revisions"}],"predecessor-version":[{"id":152,"href":"https:\/\/elecongelados.com.ar\/tienda\/wp-json\/wp\/v2\/pages\/3\/revisions\/152"}],"wp:attachment":[{"href":"https:\/\/elecongelados.com.ar\/tienda\/wp-json\/wp\/v2\/media?parent=3"}],"curies":[{"name":"wp","href":"https:\/\/api.w.org\/{rel}","templated":true}]}}