{"id":189,"date":"2026-04-20T16:28:54","date_gmt":"2026-04-20T19:28:54","guid":{"rendered":"https:\/\/elecongelados.com.ar\/tienda\/?post_type=product&#038;p=189"},"modified":"2026-04-20T16:30:36","modified_gmt":"2026-04-20T19:30:36","slug":"brownies-de-chocolate-con-nueces","status":"publish","type":"product","link":"https:\/\/elecongelados.com.ar\/tienda\/producto\/brownies-de-chocolate-con-nueces\/","title":{"rendered":"Brownies de chocolate con nueces"},"content":{"rendered":"<p>Ingredientes: harina com\u00fan, az\u00facar, chocolate \u00c1guila para taza, huevos, esencia de vainilla, cacao amargo Premium, manteca, sal.<br \/>\nPresentaci\u00f3n individual: en bolsita de celof\u00e1n.<br \/>\nPresentaci\u00f3n por seis: incluye, adem\u00e1s, bandeja kraft, envoltura de celof\u00e1n y cinta.<br \/>\nH\u00famedos, se deshacen en la boca. Probalos.<\/p>\n","protected":false},"excerpt":{"rendered":"<p>Prob\u00e1 nuestro producto estrella: brownies de chocolate con nueces.<br \/>\nPag\u00e1 contra entrega en Balvanera: Av. Jujuy y Av. Belgrano. Comprando 6 o m\u00e1s, delivery sin cargo en barrios cercanos.<br \/>\nLos entregamos congelados para una mejor conservaci\u00f3n ya que no contienen aditivos ni conservantes.<br \/>\nPromoci\u00f3n v\u00e1lida hasta el 10\/6\/26 o hasta agotar stock.<br \/>\nComplet\u00e1 tus datos y te contactamos para combinar la entrega.<\/p>\n","protected":false},"featured_media":190,"comment_status":"closed","ping_status":"closed","template":"","meta":[],"product_brand":[27],"product_cat":[18],"product_tag":[22,23],"class_list":{"0":"post-189","1":"product","2":"type-product","3":"status-publish","4":"has-post-thumbnail","6":"product_brand-elecongelados","7":"product_cat-brownies-de-chocolate","8":"product_tag-producto-casero","9":"product_tag-sin-conservantes-ni-aditivos","11":"entry","12":"has-media","14":"first","15":"instock","16":"shipping-taxable","17":"purchasable","18":"product-type-simple","19":"has-product-nav","20":"col","21":"span_1_of_3","22":"owp-content-center","23":"owp-thumbs-layout-horizontal","24":"owp-btn-normal","25":"owp-tabs-layout-horizontal","27":"circle-sale"},"aioseo_notices":[],"_links":{"self":[{"href":"https:\/\/elecongelados.com.ar\/tienda\/wp-json\/wp\/v2\/product\/189","targetHints":{"allow":["GET"]}}],"collection":[{"href":"https:\/\/elecongelados.com.ar\/tienda\/wp-json\/wp\/v2\/product"}],"about":[{"href":"https:\/\/elecongelados.com.ar\/tienda\/wp-json\/wp\/v2\/types\/product"}],"replies":[{"embeddable":true,"href":"https:\/\/elecongelados.com.ar\/tienda\/wp-json\/wp\/v2\/comments?post=189"}],"wp:featuredmedia":[{"embeddable":true,"href":"https:\/\/elecongelados.com.ar\/tienda\/wp-json\/wp\/v2\/media\/190"}],"wp:attachment":[{"href":"https:\/\/elecongelados.com.ar\/tienda\/wp-json\/wp\/v2\/media?parent=189"}],"wp:term":[{"taxonomy":"product_brand","embeddable":true,"href":"https:\/\/elecongelados.com.ar\/tienda\/wp-json\/wp\/v2\/product_brand?post=189"},{"taxonomy":"product_cat","embeddable":true,"href":"https:\/\/elecongelados.com.ar\/tienda\/wp-json\/wp\/v2\/product_cat?post=189"},{"taxonomy":"product_tag","embeddable":true,"href":"https:\/\/elecongelados.com.ar\/tienda\/wp-json\/wp\/v2\/product_tag?post=189"}],"curies":[{"name":"wp","href":"https:\/\/api.w.org\/{rel}","templated":true}]}}